{"id":3987,"date":"2021-01-18T14:58:09","date_gmt":"2021-01-18T13:58:09","guid":{"rendered":"https:\/\/galerie-jaeger.de\/wp-cms\/?page_id=3987"},"modified":"2021-02-17T12:15:11","modified_gmt":"2021-02-17T11:15:11","slug":"imprint","status":"publish","type":"page","link":"https:\/\/rosemarie-jaeger.de\/en\/imprint\/","title":{"rendered":"Imprint"},"content":{"rendered":"\t\t<div data-elementor-type=\"wp-page\" data-elementor-id=\"3987\" class=\"elementor elementor-3987 elementor-191\" data-elementor-post-type=\"page\">\n\t\t\t\t\t\t<section class=\"elementor-section elementor-top-section elementor-element elementor-element-1ef70ccd elementor-section-boxed elementor-section-height-default elementor-section-height-default\" data-id=\"1ef70ccd\" data-element_type=\"section\" data-e-type=\"section\">\n\t\t\t\t\t\t<div class=\"elementor-container elementor-column-gap-default\">\n\t\t\t\t\t<div class=\"elementor-column elementor-col-100 elementor-top-column elementor-element elementor-element-4b3ff9b4\" data-id=\"4b3ff9b4\" data-element_type=\"column\" data-e-type=\"column\">\n\t\t\t<div class=\"elementor-widget-wrap elementor-element-populated\">\n\t\t\t\t\t\t<div class=\"elementor-element elementor-element-7f8ec72e elementor-widget elementor-widget-text-editor\" data-id=\"7f8ec72e\" data-element_type=\"widget\" data-e-type=\"widget\" data-widget_type=\"text-editor.default\">\n\t\t\t\t<div class=\"elementor-widget-container\">\n\t\t\t\t\t\t\t\t\t<div>\n<h1>Impressum<\/h1>\n<p>Angaben gem\u00e4\u00df \u00a7 5 TMG<\/p>\n<p>Rosemarie J\u00e4ger<br \/>Wintergasse 13<br \/>65239 Hochheim<\/p>\n<p><strong>Vertreten durch: <\/strong><br \/>Rosemarie J\u00e4ger<\/p>\n<p><strong>Kontakt:<\/strong><br \/>Telefon: <a href=\"tel:+4961462203\">+49 (0) 6146 2203<\/a><br \/>E-Mail: <a href=\"mailto:galerie@rosemarie%E2%80%93jaeger.de\">galerie@rosemarie-jaeger.de<\/a><\/p>\n<p><strong>Fotografien:<br \/><\/strong>\u00a9 Florian Baier, Tom Dachs, Eva J\u00fcnger, Miriam K\u00fcnzli, Katrin Schilling, Mirei Takeuchi<strong><br \/><\/strong><\/p>\n<p><strong>Webdesign und technische Umsetzung:<br \/><\/strong>Matthias H\u00e4rlin, <a href=\"https:\/\/www.motointermedia.com\" target=\"_blank\" rel=\"noopener\">www.motointermedia.com<\/a><\/p>\n<\/div>\n<div>\n<p><strong>Haftungsausschluss: <\/strong><\/p>\n<p><strong>Haftung f\u00fcr Inhalte<\/strong><\/p>\n<p>Die Inhalte unserer Seiten wurden mit gr\u00f6\u00dfter Sorgfalt erstellt. F\u00fcr die Richtigkeit, Vollst\u00e4ndigkeit und Aktualit\u00e4t der Inhalte k\u00f6nnen wir jedoch keine Gew\u00e4hr \u00fcbernehmen. Als Diensteanbieter sind wir gem\u00e4\u00df \u00a7 7 Abs.1 TMG f\u00fcr eigene Inhalte auf diesen Seiten nach den allgemeinen Gesetzen verantwortlich. Nach \u00a7\u00a7 8 bis 10 TMG sind wir als Diensteanbieter jedoch nicht verpflichtet, \u00fcbermittelte oder gespeicherte fremde Informationen zu \u00fcberwachen oder nach Umst\u00e4nden zu forschen, die auf eine rechtswidrige T\u00e4tigkeit hinweisen. Verpflichtungen zur Entfernung oder Sperrung der Nutzung von Informationen nach den allgemeinen Gesetzen bleiben hiervon unber\u00fchrt. Eine diesbez\u00fcgliche Haftung ist jedoch erst ab dem Zeitpunkt der Kenntnis einer konkreten Rechtsverletzung m\u00f6glich. Bei Bekanntwerden von entsprechenden Rechtsverletzungen werden wir diese Inhalte umgehend entfernen.<\/p>\n<p><strong>Haftung f\u00fcr Links<\/strong><\/p>\n<p>Unser Angebot enth\u00e4lt Links zu externen Webseiten Dritter, auf deren Inhalte wir keinen Einfluss haben. Deshalb k\u00f6nnen wir f\u00fcr diese fremden Inhalte auch keine Gew\u00e4hr \u00fcbernehmen. F\u00fcr die Inhalte der verlinkten Seiten ist stets der jeweilige Anbieter oder Betreiber der Seiten verantwortlich. Die verlinkten Seiten wurden zum Zeitpunkt der Verlinkung auf m\u00f6gliche Rechtsverst\u00f6\u00dfe \u00fcberpr\u00fcft. Rechtswidrige Inhalte waren zum Zeitpunkt der Verlinkung nicht erkennbar. Eine permanente inhaltliche Kontrolle der verlinkten Seiten ist jedoch ohne konkrete Anhaltspunkte einer Rechtsverletzung nicht zumutbar. Bei Bekanntwerden von Rechtsverletzungen werden wir derartige Links umgehend entfernen.<\/p>\n<p>Website Impressum erstellt durch <a href=\"https:\/\/www.impressum-generator.de\">impressum-generator.de<\/a> von der <a href=\"https:\/\/www.kanzlei-hasselbach.de\/\">Kanzlei Hasselbach<\/a><\/p>\n<\/div>\n\t\t\t\t\t\t\t\t<\/div>\n\t\t\t\t<\/div>\n\t\t\t\t\t<\/div>\n\t\t<\/div>\n\t\t\t\t\t<\/div>\n\t\t<\/section>\n\t\t\t\t<\/div>\n\t\t","protected":false},"excerpt":{"rendered":"<p>Impressum Angaben gem\u00e4\u00df \u00a7 5 TMG Rosemarie J\u00e4ger Wintergasse 13 65239 Hochheim Vertreten durch: Rosemarie J\u00e4ger Kontakt: Telefon: +49 (0) 6146 2203 E-Mail: galerie@rosemarie-jaeger.de Fotografien: \u00a9 Florian Baier, Tom Dachs, Eva J\u00fcnger, Miriam K\u00fcnzli, Katrin Schilling, Mirei Takeuchi Webdesign und technische Umsetzung: Matthias H\u00e4rlin, www.motointermedia.com Haftungsausschluss: Haftung f\u00fcr Inhalte Die Inhalte unserer Seiten wurden mit [&hellip;]<\/p>\n","protected":false},"author":1,"featured_media":0,"parent":0,"menu_order":0,"comment_status":"closed","ping_status":"closed","template":"","meta":{"footnotes":""},"class_list":["post-3987","page","type-page","status-publish","hentry"],"_links":{"self":[{"href":"https:\/\/rosemarie-jaeger.de\/en\/wp-json\/wp\/v2\/pages\/3987","targetHints":{"allow":["GET"]}}],"collection":[{"href":"https:\/\/rosemarie-jaeger.de\/en\/wp-json\/wp\/v2\/pages"}],"about":[{"href":"https:\/\/rosemarie-jaeger.de\/en\/wp-json\/wp\/v2\/types\/page"}],"author":[{"embeddable":true,"href":"https:\/\/rosemarie-jaeger.de\/en\/wp-json\/wp\/v2\/users\/1"}],"replies":[{"embeddable":true,"href":"https:\/\/rosemarie-jaeger.de\/en\/wp-json\/wp\/v2\/comments?post=3987"}],"version-history":[{"count":6,"href":"https:\/\/rosemarie-jaeger.de\/en\/wp-json\/wp\/v2\/pages\/3987\/revisions"}],"predecessor-version":[{"id":5582,"href":"https:\/\/rosemarie-jaeger.de\/en\/wp-json\/wp\/v2\/pages\/3987\/revisions\/5582"}],"wp:attachment":[{"href":"https:\/\/rosemarie-jaeger.de\/en\/wp-json\/wp\/v2\/media?parent=3987"}],"curies":[{"name":"wp","href":"https:\/\/api.w.org\/{rel}","templated":true}]}}