{"id":3968,"date":"2021-01-18T14:51:30","date_gmt":"2021-01-18T13:51:30","guid":{"rendered":"https:\/\/galerie-jaeger.de\/wp-cms\/?page_id=3968"},"modified":"2021-05-04T10:39:42","modified_gmt":"2021-05-04T08:39:42","slug":"gallery","status":"publish","type":"page","link":"https:\/\/rosemarie-jaeger.de\/en\/gallery\/","title":{"rendered":"Gallery"},"content":{"rendered":"\t\t<div data-elementor-type=\"wp-post\" data-elementor-id=\"3968\" class=\"elementor elementor-3968 elementor-32\" data-elementor-post-type=\"page\">\n\t\t\t\t\t\t<section class=\"elementor-section elementor-top-section elementor-element elementor-element-df27ad7 elementor-section-boxed elementor-section-height-default elementor-section-height-default\" data-id=\"df27ad7\" data-element_type=\"section\" data-e-type=\"section\">\n\t\t\t\t\t\t<div class=\"elementor-container elementor-column-gap-default\">\n\t\t\t\t\t<div class=\"elementor-column elementor-col-50 elementor-top-column elementor-element elementor-element-383598d\" data-id=\"383598d\" data-element_type=\"column\" data-e-type=\"column\">\n\t\t\t<div class=\"elementor-widget-wrap elementor-element-populated\">\n\t\t\t\t\t\t<div class=\"elementor-element elementor-element-6106e7d elementor-invisible elementor-widget elementor-widget-text-editor\" data-id=\"6106e7d\" data-element_type=\"widget\" data-e-type=\"widget\" data-settings=\"{&quot;_animation&quot;:&quot;fadeIn&quot;}\" data-widget_type=\"text-editor.default\">\n\t\t\t\t<div class=\"elementor-widget-container\">\n\t\t\t\t\t\t\t\t\t<p>Since 1989 the gallery has been presenting classical positions and extraordinary concepts in contemporary applied art. Rosemarie J\u00e4ger is committed to quality and authenticity. The exhibitions establish links between different craft trades and focus on the comprehensive presentation of individual artists. The gallery seeks to foster encounters, critical enquiry, and knowledge of the arts.<\/p>\t\t\t\t\t\t\t\t<\/div>\n\t\t\t\t<\/div>\n\t\t\t\t<div class=\"elementor-element elementor-element-ced7c22 elementor-invisible elementor-widget elementor-widget-accordion\" data-id=\"ced7c22\" data-element_type=\"widget\" data-e-type=\"widget\" data-settings=\"{&quot;_animation&quot;:&quot;fadeIn&quot;}\" data-widget_type=\"accordion.default\">\n\t\t\t\t<div class=\"elementor-widget-container\">\n\t\t\t\t\t\t\t<div class=\"elementor-accordion\">\n\t\t\t\t\t\t\t<div class=\"elementor-accordion-item\">\n\t\t\t\t\t<div id=\"elementor-tab-title-2161\" class=\"elementor-tab-title\" data-tab=\"1\" role=\"button\" aria-controls=\"elementor-tab-content-2161\" aria-expanded=\"false\">\n\t\t\t\t\t\t\t\t\t\t\t\t\t<span class=\"elementor-accordion-icon elementor-accordion-icon-right\" aria-hidden=\"true\">\n\t\t\t\t\t\t\t\t\t\t\t\t\t\t\t<span class=\"elementor-accordion-icon-closed\"><svg xmlns=\"http:\/\/www.w3.org\/2000\/svg\" width=\"16.8\" height=\"16.7\" viewBox=\"0 0 16.8 16.7\"><g><line x1=\"8.4\" x2=\"8.4\" y2=\"16.7\" fill=\"none\" stroke=\"#000\" stroke-miterlimit=\"10\" stroke-width=\"2\"><\/line><line x1=\"8.4\" x2=\"8.4\" y2=\"16.7\" fill=\"none\" stroke=\"#000\" stroke-miterlimit=\"10\" stroke-width=\"2\"><\/line><line x1=\"16.8\" y1=\"8.3\" y2=\"8.3\" fill=\"none\" stroke=\"#000\" stroke-miterlimit=\"10\" stroke-width=\"2\"><\/line><\/g><\/svg><\/span>\n\t\t\t\t\t\t\t\t<span class=\"elementor-accordion-icon-opened\"><svg xmlns=\"http:\/\/www.w3.org\/2000\/svg\" width=\"16.8\" height=\"2\" viewBox=\"0 0 16.8 2\"><line x1=\"16.8\" y1=\"1\" y2=\"1\" fill=\"none\" stroke=\"#000\" stroke-miterlimit=\"10\" stroke-width=\"2\"><\/line><\/svg><\/span>\n\t\t\t\t\t\t\t\t\t\t\t\t\t\t<\/span>\n\t\t\t\t\t\t\t\t\t\t\t\t<a class=\"elementor-accordion-title\" tabindex=\"0\">Pers\u00f6nlichkeiten \u00fcber die Galerie<\/a>\n\t\t\t\t\t<\/div>\n\t\t\t\t\t<div id=\"elementor-tab-content-2161\" class=\"elementor-tab-content elementor-clearfix\" data-tab=\"1\" role=\"region\" aria-labelledby=\"elementor-tab-title-2161\"><p class=\"p1\"><span class=\"s1\">Mostra Povera &#8211; all you need for an exhibition <\/span><\/p><p class=\"p1\"><span class=\"s1\">Eine subjektive Ann\u00e4herung von Otto K\u00fcnzli und Therese Hilbert aus Anlass ihrer Ausstellung Nukleus in der Galerie Rosemarie J\u00e4ger in Hochheim.<\/span><\/p><p class=\"p1\"><span class=\"s1\">1 Eine Landschaft, die mit ihrem Licht, ihren D\u00fcften und ihren Geschichten, ein Ort ist, wo man mit seinen Arbeiten Station machen m\u00f6chte. In Hessen, am S\u00fcdrand des Taunus, genauer, zwischen Frankfurt und Mainz, sitzt ein St\u00e4dtchen auf einem H\u00fcgel, eingerahmt von Autobahnen, nicht eben romantisch, aber die B\u00f6den sind gut. Auf Kalk w\u00e4chst ein hervorragender Chardonnay und die Familie K\u00fcnstler keltert aus den Trauben der Lage \u201eH\u00f6lle\u201c einen wunderbaren Riesling der mit Recht, Fug und Stolz den Namen \u201eK\u00fcnstler \u2013 H\u00f6lle\u201c tr\u00e4gt. Was braucht man mehr? 1:0 f\u00fcr Hochheim<\/span><\/p><p class=\"p1\"><span class=\"s1\">2 Herausforderung und Vertrauen, Freiheit und Verpflichtung: Ein Mensch, ein Haus, ein Garten, ein Raum. Wintergasse 13, Glyzinien h\u00e4ngen wie blaue Trauben \u00fcber dem Tor des stattlichen Hauses aus dem 18. Jahrhundert. Kaum ist die Einfahrt passiert, wird man unwiderstehlich in den Bann des gro\u00dfen Gartens gezogen, mit seinen alten B\u00e4umen, den Str\u00e4uchern und den unz\u00e4hligen Blumen und Bl\u00fcten. M\u00f6gen t\u00e4glich hunderte von Flugzeugen \u00fcber Hochheim nach Frankfurt eind\u00fcsen; hier stellt sie sich im Handumdrehen ein, jene innere Ruhe und Gelassenheit, die man vom H\u00f6rensagen kennt, aber nicht oft erlebt. Ob der \u201egr\u00fcne Daumen\u201c, der hinter diesem Garten steht, wei\u00df, wie magisch dieser Ort ist? Einst ein Weingut, schlie\u00dft sich selbstredend ein ger\u00e4umiges Kelterhaus an das Wohnhaus an. Die gewaltige Halle, mit ihrem rohen Ziegelboden, ist heute der Hauptraum der Galerie. Ein kr\u00e4ftiger, charakterstarker Raum, eine harte Herausforderung hier auszustellen. N\u00fcsse wollen geknackt werden. In auffallendem Kontrast dazu steht das Kabinett im Hauptgeb\u00e4ude, ein ehemaliger Wohnraum, von dezenter Eleganz und angenehmer Dimension. Es sind auch diese Gegens\u00e4tze, die eine Ausstellung hier so reizvoll und abwechslungsreich machen. Das Haus, der Garten, die R\u00e4ume, sind nat\u00fcrlich geformt und gepr\u00e4gt von einer Person, das alles tr\u00e4gt ihren Namen. 2:0 f\u00fcr Rosemarie J\u00e4ger<\/span><\/p><p class=\"p1\"><span class=\"s1\">3 Starke Schmuckst\u00fccke sprechen f\u00fcr sich. Gute R\u00e4ume ebenso. Es ist mit \u00fcberzeugenden Ausstellungen oft (wenn auch nicht immer) so, wie mit gutem Essen: Man braucht kein \u00fcberirdisches Geheimrezept, man braucht gute, frische, authentische Zutaten. Und eine Zubereitung, die die guten Sachen f\u00fcr sich sprechen l\u00e4sst. F\u00fcr die Ausstellung Nukleus war alles schon da. Wir mussten die Zutaten nur finden und behutsam verwenden. 3:0 f\u00fcr die Cucina Povera<\/span><\/p><p class=\"p1\"><span class=\"s1\">4 Die Auswahl und die Ordnung der Exponate, sind das A und O jeglicher Ausstellung. Die kritische Einsch\u00e4tzung der eigenen Arbeiten ist ein schwieriges Unterfangen &#8211; Selbstkritik hat viele Feinde: Claqueure, Eitelkeit, Gr\u00f6\u00dfenwahn, Neid, Gier, Unwissenheit, Vernebelung der Sinne, auch falsche Bescheidenheit und fehlendes Selbstvertrauen. Mut. Es braucht Mut, auch Dinge zu zeigen, deren man nicht sicher ist. Mut, Dinge wegzulassen, die alle toll finden, deren Schw\u00e4chen man jedoch kennt. Die Ausstellung steht. Halbzeit, 4:0<\/span><\/p><p class=\"p1\"><span class=\"s1\">5 Die G\u00e4ste kommen, genie\u00dfen Luft und Ort. Sie begegnen sich, verdichten und verteilen sich, tauchen ein, schauen. Gl\u00fccklich wenn, wie in unserem Fall, mit vertiefenden, hilfreichen, \u00f6ffnenden, pointierten, aber auch unterhaltsamen Gedanken und Worten in die Ausstellung eingef\u00fchrt wird.<\/span><\/p><p class=\"p1\"><span class=\"s1\">5:0 f\u00fcr Petra H\u00f6lscher, Oberkonservatorin der Neuen Sammlung \u2013 The Design Museum M\u00fcnchen<\/span><\/p><p class=\"p1\"><span class=\"s1\">6_<span class=\"Apple-converted-space\">\u00a0 <\/span>Und genau dann, wenn sich sozusagen der Vorhang \u00f6ffnet, geht es um die Wurst, mit anderen Worten, jetzt zeigt es sich, ob man mit seinen Arbeiten Menschen erreichen und ber\u00fchren kann, ob sie, die St\u00fccke, \u00fcber ihre Objektqualit\u00e4t hinaus eine starke kommunikative Wirkung entfalten, ob sie einen nachhaltigen Sog entwickeln, den \u201eSprung\u201c zu den Menschen schaffen und im besten Fall, und daf\u00fcr werden ja schlie\u00dflich Schmuckst\u00fccke gemacht, der Wunsch entsteht, wenigstens den Versuch zu wagen, auszuprobieren, was passiert, wenn man ein solches St\u00fcck annimmt, adoptiert, tr\u00e4gt. Und sich daran dann m\u00f6glichst lange freut.<\/span><\/p><p class=\"p1\"><span class=\"s1\">6:0 f\u00fcr den Schmuck. <\/span><\/p><p class=\"p1\"><span class=\"s1\">Abpfiff mit der Pfeife, die man nicht rauchen kann. Ren\u00e9 Magritte l\u00e4sst gr\u00fc\u00dfen.<\/span><\/p><p class=\"p1\"><span class=\"s1\">Das ist kein Fu\u00dfballspiel. Aber eine feine, dichte Ausstellung. In einer guten, einer au\u00dfergew\u00f6hnlichen Galerie.<\/span><\/p><p>\u00a0<\/p><p>\u00a0<\/p><p class=\"p2\"><span class=\"s1\">Gabi Dewald \u00fcber die Galerie<\/span><\/p><p class=\"p2\"><span class=\"s1\">Wer wie Rosi J\u00e4ger seit \u00fcber drei\u00dfig Jahren eine Galerie im Gro\u00dfraum Frankfurt erfolgreich f\u00fchrt, verf\u00fcgt (mindestens) \u00fcber zweierlei: \u00dcber einen untr\u00fcglichen Instinkt und \u00fcber eine gro\u00dfe Sehnsucht nach Sch\u00f6nheit.<\/span><\/p><p class=\"p2\"><span class=\"s1\">Wo sich andere spitzfingrig abwenden, gr\u00fcndet ihre Begeisterung: im Angewandten, in der \u00c4sthetik des Allt\u00e4glichen. Ihre Galerie gibt der Angewandten Kunst und deren Autor*innen ein Forum. Dieses ist getragen von dem zutiefst empfundenen Respekt der Galeristin vor den K\u00fcnstler*innen und der Leidenschaft f\u00fcr deren Arbeiten. <\/span><\/p><p class=\"p2\"><span class=\"s1\">Damit etablierte sie eine Institution, wie man sie in Deutschland selten findet. K\u00fcnstler*innen der Galerie Rosi J\u00e4ger sind immer wieder in den gro\u00dfen Museen Europas und dar\u00fcber hinaus vertreten. Viele von ihnen hat sie auf deren Weg dorthin durch ihre Arbeit als unerm\u00fcdliche Galeristin begleitet und gef\u00f6rdert.<\/span><\/p><p class=\"p2\"><span class=\"s1\">Sie spricht von der Kunst als von Dingen, die sie zum t\u00e4glichen Leben brauche, zu denen sie sich im immer wiederkehrenden, selbstverst\u00e4ndlichen Umgang ins Verh\u00e4ltnis setze. Es mag der Pr\u00fcfstein dieses Umgangs mit Kunst sein, der die Spreu vom Weizen trennt und schlussendlich die Galerie Rosi J\u00e4ger zu einem Fundort f\u00fcr herausragende Qualit\u00e4t und Kunstschaffende macht.<\/span><\/p><p class=\"p1\">\u00a0<\/p><p>\u00a0<\/p><\/div>\n\t\t\t\t<\/div>\n\t\t\t\t\t\t\t\t<\/div>\n\t\t\t\t\t\t<\/div>\n\t\t\t\t<\/div>\n\t\t\t\t\t<\/div>\n\t\t<\/div>\n\t\t\t\t<div class=\"elementor-column elementor-col-50 elementor-top-column elementor-element elementor-element-372dd17\" data-id=\"372dd17\" data-element_type=\"column\" data-e-type=\"column\">\n\t\t\t<div class=\"elementor-widget-wrap elementor-element-populated\">\n\t\t\t\t\t\t<div class=\"elementor-element elementor-element-80b09f8 elementor-widget elementor-widget-image-carousel\" data-id=\"80b09f8\" data-element_type=\"widget\" data-e-type=\"widget\" data-settings=\"{&quot;slides_to_show&quot;:&quot;1&quot;,&quot;navigation&quot;:&quot;none&quot;,&quot;autoplay&quot;:&quot;no&quot;,&quot;infinite&quot;:&quot;yes&quot;,&quot;effect&quot;:&quot;slide&quot;,&quot;speed&quot;:500}\" data-widget_type=\"image-carousel.default\">\n\t\t\t\t<div class=\"elementor-widget-container\">\n\t\t\t\t\t\t\t<div class=\"elementor-image-carousel-wrapper swiper\" role=\"region\" aria-roledescription=\"carousel\" aria-label=\"Image Carousel\" dir=\"ltr\">\n\t\t\t<div class=\"elementor-image-carousel swiper-wrapper\" aria-live=\"polite\">\n\t\t\t\t\t\t\t\t<div class=\"swiper-slide\" role=\"group\" aria-roledescription=\"slide\" aria-label=\"1 of 7\"><a data-elementor-open-lightbox=\"yes\" data-elementor-lightbox-slideshow=\"80b09f8\" data-e-action-hash=\"#elementor-action%3Aaction%3Dlightbox%26settings%3DeyJpZCI6NDUyNSwidXJsIjoiaHR0cHM6XC9cL3Jvc2VtYXJpZS1qYWVnZXIuZGVcL3dwLWNvbnRlbnRcL3VwbG9hZHNcL0dhbGVyaWUtUm9zZW1hcmllLUphZWdlci1JbXByZXNzaW9uZW4tMDEuanBnIiwic2xpZGVzaG93IjoiODBiMDlmOCJ9\" href=\"https:\/\/rosemarie-jaeger.de\/wp-content\/uploads\/Galerie-Rosemarie-Jaeger-Impressionen-01.jpg\"><figure class=\"swiper-slide-inner\"><img decoding=\"async\" class=\"swiper-slide-image\" src=\"https:\/\/rosemarie-jaeger.de\/wp-content\/uploads\/Galerie-Rosemarie-Jaeger-Impressionen-01.jpg\" alt=\"Galerie-Rosemarie-Jaeger-Impressionen-01\" \/><\/figure><\/a><\/div><div class=\"swiper-slide\" role=\"group\" aria-roledescription=\"slide\" aria-label=\"2 of 7\"><a data-elementor-open-lightbox=\"yes\" data-elementor-lightbox-slideshow=\"80b09f8\" data-e-action-hash=\"#elementor-action%3Aaction%3Dlightbox%26settings%3DeyJpZCI6NDUyNywidXJsIjoiaHR0cHM6XC9cL3Jvc2VtYXJpZS1qYWVnZXIuZGVcL3dwLWNvbnRlbnRcL3VwbG9hZHNcL0dhbGVyaWUtUm9zZW1hcmllLUphZWdlci1JbXByZXNzaW9uZW4tMDIuanBnIiwic2xpZGVzaG93IjoiODBiMDlmOCJ9\" href=\"https:\/\/rosemarie-jaeger.de\/wp-content\/uploads\/Galerie-Rosemarie-Jaeger-Impressionen-02.jpg\"><figure class=\"swiper-slide-inner\"><img decoding=\"async\" class=\"swiper-slide-image\" src=\"https:\/\/rosemarie-jaeger.de\/wp-content\/uploads\/Galerie-Rosemarie-Jaeger-Impressionen-02.jpg\" alt=\"Galerie-Rosemarie-Jaeger-Impressionen-02\" \/><\/figure><\/a><\/div><div class=\"swiper-slide\" role=\"group\" aria-roledescription=\"slide\" aria-label=\"3 of 7\"><a data-elementor-open-lightbox=\"yes\" data-elementor-lightbox-slideshow=\"80b09f8\" data-e-action-hash=\"#elementor-action%3Aaction%3Dlightbox%26settings%3DeyJpZCI6NDUyOSwidXJsIjoiaHR0cHM6XC9cL3Jvc2VtYXJpZS1qYWVnZXIuZGVcL3dwLWNvbnRlbnRcL3VwbG9hZHNcL0dhbGVyaWUtUm9zZW1hcmllLUphZWdlci1JbXByZXNzaW9uZW4tMDMuanBnIiwic2xpZGVzaG93IjoiODBiMDlmOCJ9\" href=\"https:\/\/rosemarie-jaeger.de\/wp-content\/uploads\/Galerie-Rosemarie-Jaeger-Impressionen-03.jpg\"><figure class=\"swiper-slide-inner\"><img decoding=\"async\" class=\"swiper-slide-image\" src=\"https:\/\/rosemarie-jaeger.de\/wp-content\/uploads\/Galerie-Rosemarie-Jaeger-Impressionen-03.jpg\" alt=\"Galerie-Rosemarie-Jaeger-Impressionen-03\" \/><\/figure><\/a><\/div><div class=\"swiper-slide\" role=\"group\" aria-roledescription=\"slide\" aria-label=\"4 of 7\"><a data-elementor-open-lightbox=\"yes\" data-elementor-lightbox-slideshow=\"80b09f8\" data-e-action-hash=\"#elementor-action%3Aaction%3Dlightbox%26settings%3DeyJpZCI6NDUzNSwidXJsIjoiaHR0cHM6XC9cL3Jvc2VtYXJpZS1qYWVnZXIuZGVcL3dwLWNvbnRlbnRcL3VwbG9hZHNcL0dhbGVyaWUtUm9zZW1hcmllLUphZWdlci1JbXByZXNzaW9uZW4tMDYuanBnIiwic2xpZGVzaG93IjoiODBiMDlmOCJ9\" href=\"https:\/\/rosemarie-jaeger.de\/wp-content\/uploads\/Galerie-Rosemarie-Jaeger-Impressionen-06.jpg\"><figure class=\"swiper-slide-inner\"><img decoding=\"async\" class=\"swiper-slide-image\" src=\"https:\/\/rosemarie-jaeger.de\/wp-content\/uploads\/Galerie-Rosemarie-Jaeger-Impressionen-06.jpg\" alt=\"Galerie-Rosemarie-Jaeger-Impressionen-06\" \/><\/figure><\/a><\/div><div class=\"swiper-slide\" role=\"group\" aria-roledescription=\"slide\" aria-label=\"5 of 7\"><a data-elementor-open-lightbox=\"yes\" data-elementor-lightbox-slideshow=\"80b09f8\" data-e-action-hash=\"#elementor-action%3Aaction%3Dlightbox%26settings%3DeyJpZCI6NjYyNSwidXJsIjoiaHR0cHM6XC9cL3Jvc2VtYXJpZS1qYWVnZXIuZGVcL3dwLWNvbnRlbnRcL3VwbG9hZHNcL0dhbGVyaWUtUm9zZW1hcmllLUphZWdlci0wMi5qcGciLCJzbGlkZXNob3ciOiI4MGIwOWY4In0%3D\" href=\"https:\/\/rosemarie-jaeger.de\/wp-content\/uploads\/Galerie-Rosemarie-Jaeger-02.jpg\"><figure class=\"swiper-slide-inner\"><img decoding=\"async\" class=\"swiper-slide-image\" src=\"https:\/\/rosemarie-jaeger.de\/wp-content\/uploads\/Galerie-Rosemarie-Jaeger-02.jpg\" alt=\"Galerie-Rosemarie-Jaeger-02\" \/><\/figure><\/a><\/div><div class=\"swiper-slide\" role=\"group\" aria-roledescription=\"slide\" aria-label=\"6 of 7\"><a data-elementor-open-lightbox=\"yes\" data-elementor-lightbox-slideshow=\"80b09f8\" data-e-action-hash=\"#elementor-action%3Aaction%3Dlightbox%26settings%3DeyJpZCI6NDUzNywidXJsIjoiaHR0cHM6XC9cL3Jvc2VtYXJpZS1qYWVnZXIuZGVcL3dwLWNvbnRlbnRcL3VwbG9hZHNcL0dhbGVyaWUtUm9zZW1hcmllLUphZWdlci1JbXByZXNzaW9uZW4tMDcuanBnIiwic2xpZGVzaG93IjoiODBiMDlmOCJ9\" href=\"https:\/\/rosemarie-jaeger.de\/wp-content\/uploads\/Galerie-Rosemarie-Jaeger-Impressionen-07.jpg\"><figure class=\"swiper-slide-inner\"><img decoding=\"async\" class=\"swiper-slide-image\" src=\"https:\/\/rosemarie-jaeger.de\/wp-content\/uploads\/Galerie-Rosemarie-Jaeger-Impressionen-07.jpg\" alt=\"Galerie-Rosemarie-Jaeger-Impressionen-07\" \/><\/figure><\/a><\/div><div class=\"swiper-slide\" role=\"group\" aria-roledescription=\"slide\" aria-label=\"7 of 7\"><a data-elementor-open-lightbox=\"yes\" data-elementor-lightbox-slideshow=\"80b09f8\" data-e-action-hash=\"#elementor-action%3Aaction%3Dlightbox%26settings%3DeyJpZCI6NDUzMywidXJsIjoiaHR0cHM6XC9cL3Jvc2VtYXJpZS1qYWVnZXIuZGVcL3dwLWNvbnRlbnRcL3VwbG9hZHNcL0dhbGVyaWUtUm9zZW1hcmllLUphZWdlci1JbXByZXNzaW9uZW4tMDUuanBnIiwic2xpZGVzaG93IjoiODBiMDlmOCJ9\" href=\"https:\/\/rosemarie-jaeger.de\/wp-content\/uploads\/Galerie-Rosemarie-Jaeger-Impressionen-05.jpg\"><figure class=\"swiper-slide-inner\"><img decoding=\"async\" class=\"swiper-slide-image\" src=\"https:\/\/rosemarie-jaeger.de\/wp-content\/uploads\/Galerie-Rosemarie-Jaeger-Impressionen-05.jpg\" alt=\"Galerie-Rosemarie-Jaeger-Impressionen-05\" \/><\/figure><\/a><\/div>\t\t\t<\/div>\n\t\t\t\t\t\t\t\n\t\t\t\t\t\t\t\t\t<\/div>\n\t\t\t\t\t\t<\/div>\n\t\t\t\t<\/div>\n\t\t\t\t\t<\/div>\n\t\t<\/div>\n\t\t\t\t\t<\/div>\n\t\t<\/section>\n\t\t\t\t<\/div>\n\t\t","protected":false},"excerpt":{"rendered":"<p>Since 1989 the gallery has been presenting classical positions and extraordinary concepts in contemporary applied art. Rosemarie J\u00e4ger is committed to quality and authenticity. The exhibitions establish links between different craft trades and focus on the comprehensive presentation of individual artists. The gallery seeks to foster encounters, critical enquiry, and knowledge of the arts. Pers\u00f6nlichkeiten [&hellip;]<\/p>\n","protected":false},"author":1,"featured_media":0,"parent":0,"menu_order":0,"comment_status":"closed","ping_status":"closed","template":"","meta":{"footnotes":""},"class_list":["post-3968","page","type-page","status-publish","hentry"],"_links":{"self":[{"href":"https:\/\/rosemarie-jaeger.de\/en\/wp-json\/wp\/v2\/pages\/3968","targetHints":{"allow":["GET"]}}],"collection":[{"href":"https:\/\/rosemarie-jaeger.de\/en\/wp-json\/wp\/v2\/pages"}],"about":[{"href":"https:\/\/rosemarie-jaeger.de\/en\/wp-json\/wp\/v2\/types\/page"}],"author":[{"embeddable":true,"href":"https:\/\/rosemarie-jaeger.de\/en\/wp-json\/wp\/v2\/users\/1"}],"replies":[{"embeddable":true,"href":"https:\/\/rosemarie-jaeger.de\/en\/wp-json\/wp\/v2\/comments?post=3968"}],"version-history":[{"count":26,"href":"https:\/\/rosemarie-jaeger.de\/en\/wp-json\/wp\/v2\/pages\/3968\/revisions"}],"predecessor-version":[{"id":6631,"href":"https:\/\/rosemarie-jaeger.de\/en\/wp-json\/wp\/v2\/pages\/3968\/revisions\/6631"}],"wp:attachment":[{"href":"https:\/\/rosemarie-jaeger.de\/en\/wp-json\/wp\/v2\/media?parent=3968"}],"curies":[{"name":"wp","href":"https:\/\/api.w.org\/{rel}","templated":true}]}}